{"id":320,"date":"2020-12-10T21:06:02","date_gmt":"2020-12-10T20:06:02","guid":{"rendered":"https:\/\/www.lab.org.pl\/?post_type=product&#038;p=320"},"modified":"2023-10-09T15:30:01","modified_gmt":"2023-10-09T13:30:01","slug":"ulatwiajacy-rozczesywanie-dla-psa","status":"publish","type":"product","link":"https:\/\/www.lab.org.pl\/en\/product\/ulatwiajacy-rozczesywanie-dla-psa\/","title":{"rendered":"Combing shampoo for dogs"},"content":{"rendered":"<p>Shampoo from Profi Lab's professional line for high-grade grooming. Particularly recommended for dogs whose delicate coat needs to be nourished and strengthened. The specially formulated formula contains hydrolysed keratin, wheat proteins, flax extract. The valuable properties of the ingredients ensure hygiene maintenance, take care of the right level of moisture, strengthen the hair, maintain a long-lasting conditioning effect, especially useful in the case of a weakened coat. After using the shampoo, the hair coat becomes smooth, does not electrify, is manageable and soft to the touch.<\/p>\n<p>Contents: 200 g.<br \/>\nCode: 5901688706367<\/p>","protected":false},"excerpt":{"rendered":"<p>Szampon z profesjonalnej linii Profi Lab zapewniaj\u0105cy wysok\u0105 klas\u0119 piel\u0119gnacji. Szczeg\u00f3lnie polecany dla ps\u00f3w, kt\u00f3rych delikatna sier\u015b\u0107 wymaga utrzymania odpowiedniego poziomu od\u017cywienia i wzmocnienia. Specjalnie zestawiona receptura zawiera hydrolizowan\u0105 keratyn\u0119, proteiny pszenicy, ekstrakt z lnu. Cenne w\u0142a\u015bciwo\u015bci sk\u0142adnik\u00f3w zapewniaj\u0105 utrzymanie higieny, dbaj\u0105 o w\u0142a\u015bciwy poziom nawil\u017cenia, wzmacniaj\u0105 w\u0142os, utrzymuj\u0105 d\u0142ugotrwa\u0142y efekt kondycjonuj\u0105cy, szczeg\u00f3lnie przydatny w [&hellip;]<\/p>","protected":false},"featured_media":1486,"comment_status":"closed","ping_status":"closed","template":"","meta":{"_seopress_robots_primary_cat":"none","_seopress_titles_title":"Szampon u\u0142atwiaj\u0105cy rozczesywanie dla psa","_seopress_titles_desc":"","_seopress_robots_index":"","ocean_post_layout":"","ocean_both_sidebars_style":"","ocean_both_sidebars_content_width":0,"ocean_both_sidebars_sidebars_width":0,"ocean_sidebar":"0","ocean_second_sidebar":"0","ocean_disable_margins":"enable","ocean_add_body_class":"","ocean_shortcode_before_top_bar":"","ocean_shortcode_after_top_bar":"","ocean_shortcode_before_header":"","ocean_shortcode_after_header":"","ocean_has_shortcode":"","ocean_shortcode_after_title":"","ocean_shortcode_before_footer_widgets":"","ocean_shortcode_after_footer_widgets":"","ocean_shortcode_before_footer_bottom":"","ocean_shortcode_after_footer_bottom":"","ocean_display_top_bar":"default","ocean_display_header":"default","ocean_header_style":"","ocean_center_header_left_menu":"0","ocean_custom_header_template":"0","ocean_custom_logo":0,"ocean_custom_retina_logo":0,"ocean_custom_logo_max_width":0,"ocean_custom_logo_tablet_max_width":0,"ocean_custom_logo_mobile_max_width":0,"ocean_custom_logo_max_height":0,"ocean_custom_logo_tablet_max_height":0,"ocean_custom_logo_mobile_max_height":0,"ocean_header_custom_menu":"0","ocean_menu_typo_font_family":"0","ocean_menu_typo_font_subset":"","ocean_menu_typo_font_size":0,"ocean_menu_typo_font_size_tablet":0,"ocean_menu_typo_font_size_mobile":0,"ocean_menu_typo_font_size_unit":"px","ocean_menu_typo_font_weight":"","ocean_menu_typo_font_weight_tablet":"","ocean_menu_typo_font_weight_mobile":"","ocean_menu_typo_transform":"","ocean_menu_typo_transform_tablet":"","ocean_menu_typo_transform_mobile":"","ocean_menu_typo_line_height":0,"ocean_menu_typo_line_height_tablet":0,"ocean_menu_typo_line_height_mobile":0,"ocean_menu_typo_line_height_unit":"","ocean_menu_typo_spacing":0,"ocean_menu_typo_spacing_tablet":0,"ocean_menu_typo_spacing_mobile":0,"ocean_menu_typo_spacing_unit":"","ocean_menu_link_color":"","ocean_menu_link_color_hover":"","ocean_menu_link_color_active":"","ocean_menu_link_background":"","ocean_menu_link_hover_background":"","ocean_menu_link_active_background":"","ocean_menu_social_links_bg":"","ocean_menu_social_hover_links_bg":"","ocean_menu_social_links_color":"","ocean_menu_social_hover_links_color":"","ocean_disable_title":"default","ocean_disable_heading":"default","ocean_post_title":"","ocean_post_subheading":"","ocean_post_title_style":"","ocean_post_title_background_color":"","ocean_post_title_background":0,"ocean_post_title_bg_image_position":"","ocean_post_title_bg_image_attachment":"","ocean_post_title_bg_image_repeat":"","ocean_post_title_bg_image_size":"","ocean_post_title_height":0,"ocean_post_title_bg_overlay":0.5,"ocean_post_title_bg_overlay_color":"","ocean_disable_breadcrumbs":"default","ocean_breadcrumbs_color":"","ocean_breadcrumbs_separator_color":"","ocean_breadcrumbs_links_color":"","ocean_breadcrumbs_links_hover_color":"","ocean_display_footer_widgets":"default","ocean_display_footer_bottom":"default","ocean_custom_footer_template":"0"},"product_cat":[21,46,69],"product_tag":[33],"_links":{"self":[{"href":"https:\/\/www.lab.org.pl\/en\/wp-json\/wp\/v2\/product\/320"}],"collection":[{"href":"https:\/\/www.lab.org.pl\/en\/wp-json\/wp\/v2\/product"}],"about":[{"href":"https:\/\/www.lab.org.pl\/en\/wp-json\/wp\/v2\/types\/product"}],"replies":[{"embeddable":true,"href":"https:\/\/www.lab.org.pl\/en\/wp-json\/wp\/v2\/comments?post=320"}],"wp:featuredmedia":[{"embeddable":true,"href":"https:\/\/www.lab.org.pl\/en\/wp-json\/wp\/v2\/media\/1486"}],"wp:attachment":[{"href":"https:\/\/www.lab.org.pl\/en\/wp-json\/wp\/v2\/media?parent=320"}],"wp:term":[{"taxonomy":"product_cat","embeddable":true,"href":"https:\/\/www.lab.org.pl\/en\/wp-json\/wp\/v2\/product_cat?post=320"},{"taxonomy":"product_tag","embeddable":true,"href":"https:\/\/www.lab.org.pl\/en\/wp-json\/wp\/v2\/product_tag?post=320"}],"curies":[{"name":"wp","href":"https:\/\/api.w.org\/{rel}","templated":true}]}}