{"id":1081,"date":"2021-01-16T00:59:59","date_gmt":"2021-01-15T23:59:59","guid":{"rendered":"https:\/\/www.lab.org.pl\/?post_type=product&#038;p=1081"},"modified":"2023-10-10T11:54:39","modified_gmt":"2023-10-10T09:54:39","slug":"obroza-dla-psa-przeciw-ektopasozytom-40cm","status":"publish","type":"product","link":"https:\/\/www.lab.org.pl\/en\/product\/obroza-dla-psa-przeciw-ektopasozytom-40cm\/","title":{"rendered":"Dog collar to support ectoparasite treatment 40cm"},"content":{"rendered":"<p>A flea and tick treatment booster collar designed for dogs and puppies over 3 months of age. Collar webbing soaked in a water-resistant, flexible, non-irritating and safe to use. Easy length adjustment and comfortable click fastening. The active substances of the collar do not cause allergies and irritation to the dog's delicate skin and coat. Works up to 3 months against fleas and up to 4 weeks against ticks.<\/p>\n<p>Length 40 cm.<\/p>\n<p>Code: 5901688706336<\/p>","protected":false},"excerpt":{"rendered":"<p>Obro\u017ca wspomagaj\u0105ca kuracj\u0119 przeciw pch\u0142om i kleszczom przeznaczona dla ps\u00f3w i szczeni\u0105t w wieku powy\u017cej 3 miesi\u0119cy. Ta\u015bma obro\u017cy nas\u0105czona \u015brodkiem odpornym na dzia\u0142anie wody, elastycznym, nie dra\u017cni\u0105cym i bezpiecznym w u\u017cyciu. \u0141atwa regulacja d\u0142ugo\u015bci i wygodne zapi\u0119cie typu klik. Substancje aktywne obro\u017cy nie powoduj\u0105 alergii i podra\u017cnie\u0144 delikatnej sk\u00f3ry i sier\u015bci psa. Dzia\u0142a do [&hellip;]<\/p>","protected":false},"featured_media":1494,"comment_status":"closed","ping_status":"closed","template":"","meta":{"_seopress_robots_primary_cat":"none","_seopress_titles_title":"","_seopress_titles_desc":"","_seopress_robots_index":"","ocean_post_layout":"","ocean_both_sidebars_style":"","ocean_both_sidebars_content_width":0,"ocean_both_sidebars_sidebars_width":0,"ocean_sidebar":"0","ocean_second_sidebar":"0","ocean_disable_margins":"enable","ocean_add_body_class":"","ocean_shortcode_before_top_bar":"","ocean_shortcode_after_top_bar":"","ocean_shortcode_before_header":"","ocean_shortcode_after_header":"","ocean_has_shortcode":"","ocean_shortcode_after_title":"","ocean_shortcode_before_footer_widgets":"","ocean_shortcode_after_footer_widgets":"","ocean_shortcode_before_footer_bottom":"","ocean_shortcode_after_footer_bottom":"","ocean_display_top_bar":"default","ocean_display_header":"default","ocean_header_style":"","ocean_center_header_left_menu":"0","ocean_custom_header_template":"0","ocean_custom_logo":0,"ocean_custom_retina_logo":0,"ocean_custom_logo_max_width":0,"ocean_custom_logo_tablet_max_width":0,"ocean_custom_logo_mobile_max_width":0,"ocean_custom_logo_max_height":0,"ocean_custom_logo_tablet_max_height":0,"ocean_custom_logo_mobile_max_height":0,"ocean_header_custom_menu":"0","ocean_menu_typo_font_family":"0","ocean_menu_typo_font_subset":"","ocean_menu_typo_font_size":0,"ocean_menu_typo_font_size_tablet":0,"ocean_menu_typo_font_size_mobile":0,"ocean_menu_typo_font_size_unit":"px","ocean_menu_typo_font_weight":"","ocean_menu_typo_font_weight_tablet":"","ocean_menu_typo_font_weight_mobile":"","ocean_menu_typo_transform":"","ocean_menu_typo_transform_tablet":"","ocean_menu_typo_transform_mobile":"","ocean_menu_typo_line_height":0,"ocean_menu_typo_line_height_tablet":0,"ocean_menu_typo_line_height_mobile":0,"ocean_menu_typo_line_height_unit":"","ocean_menu_typo_spacing":0,"ocean_menu_typo_spacing_tablet":0,"ocean_menu_typo_spacing_mobile":0,"ocean_menu_typo_spacing_unit":"","ocean_menu_link_color":"","ocean_menu_link_color_hover":"","ocean_menu_link_color_active":"","ocean_menu_link_background":"","ocean_menu_link_hover_background":"","ocean_menu_link_active_background":"","ocean_menu_social_links_bg":"","ocean_menu_social_hover_links_bg":"","ocean_menu_social_links_color":"","ocean_menu_social_hover_links_color":"","ocean_disable_title":"default","ocean_disable_heading":"default","ocean_post_title":"","ocean_post_subheading":"","ocean_post_title_style":"","ocean_post_title_background_color":"","ocean_post_title_background":0,"ocean_post_title_bg_image_position":"","ocean_post_title_bg_image_attachment":"","ocean_post_title_bg_image_repeat":"","ocean_post_title_bg_image_size":"","ocean_post_title_height":0,"ocean_post_title_bg_overlay":0.5,"ocean_post_title_bg_overlay_color":"","ocean_disable_breadcrumbs":"default","ocean_breadcrumbs_color":"","ocean_breadcrumbs_separator_color":"","ocean_breadcrumbs_links_color":"","ocean_breadcrumbs_links_hover_color":"","ocean_display_footer_widgets":"default","ocean_display_footer_bottom":"default","ocean_custom_footer_template":"0"},"product_cat":[21,57,67],"product_tag":[33],"_links":{"self":[{"href":"https:\/\/www.lab.org.pl\/en\/wp-json\/wp\/v2\/product\/1081"}],"collection":[{"href":"https:\/\/www.lab.org.pl\/en\/wp-json\/wp\/v2\/product"}],"about":[{"href":"https:\/\/www.lab.org.pl\/en\/wp-json\/wp\/v2\/types\/product"}],"replies":[{"embeddable":true,"href":"https:\/\/www.lab.org.pl\/en\/wp-json\/wp\/v2\/comments?post=1081"}],"wp:featuredmedia":[{"embeddable":true,"href":"https:\/\/www.lab.org.pl\/en\/wp-json\/wp\/v2\/media\/1494"}],"wp:attachment":[{"href":"https:\/\/www.lab.org.pl\/en\/wp-json\/wp\/v2\/media?parent=1081"}],"wp:term":[{"taxonomy":"product_cat","embeddable":true,"href":"https:\/\/www.lab.org.pl\/en\/wp-json\/wp\/v2\/product_cat?post=1081"},{"taxonomy":"product_tag","embeddable":true,"href":"https:\/\/www.lab.org.pl\/en\/wp-json\/wp\/v2\/product_tag?post=1081"}],"curies":[{"name":"wp","href":"https:\/\/api.w.org\/{rel}","templated":true}]}}