{"id":1062,"date":"2021-01-16T00:41:48","date_gmt":"2021-01-15T23:41:48","guid":{"rendered":"https:\/\/www.lab.org.pl\/?post_type=product&#038;p=1062"},"modified":"2021-01-19T15:22:04","modified_gmt":"2021-01-19T14:22:04","slug":"szampon-luxline-junior","status":"publish","type":"product","link":"https:\/\/www.lab.org.pl\/en\/product\/szampon-luxline-junior\/","title":{"rendered":"Luxline junior shampoo"},"content":{"rendered":"<p>High-quality shampoo specially recommended for the care of the delicate coat and skin of puppies and young dogs. Thanks to its specially selected nourishing and moisturising ingredients, it cleans in a very gentle manner, does not irritate the skin, prevents moisture loss and protects the coat against unfavourable external influences.<\/p>\n<p>Contents: 200 ml.<br \/>\nCollective packaging: 10 pcs.<br \/>\nCode: 5901896005290<\/p>","protected":false},"excerpt":{"rendered":"<p>Wysokiej klasy szampon polecany specjalnie do piel\u0119gnacji delikatnej sier\u015bci i sk\u00f3ry szczeni\u0105t i m\u0142odych ps\u00f3w. Dzi\u0119ki specjalnie dobranym sk\u0142adnikom od\u017cywczym i nawil\u017caj\u0105cym myje w spos\u00f3b bardzo \u0142agodny, nie podra\u017cnia sk\u00f3ry, zapobiega utracie wilgoci i chroni sier\u015b\u0107 przed niekorzystnym wp\u0142ywem czynnik\u00f3w zewn\u0119trznych. Zawarto\u015b\u0107: 200 ml. Opakowanie zbiorcze: 10 szt. Kod: 5901896005290<\/p>","protected":false},"featured_media":1063,"comment_status":"closed","ping_status":"closed","template":"","meta":{"_seopress_robots_primary_cat":"","_seopress_titles_title":"","_seopress_titles_desc":"","_seopress_robots_index":"","ocean_post_layout":"","ocean_both_sidebars_style":"","ocean_both_sidebars_content_width":0,"ocean_both_sidebars_sidebars_width":0,"ocean_sidebar":"0","ocean_second_sidebar":"0","ocean_disable_margins":"enable","ocean_add_body_class":"","ocean_shortcode_before_top_bar":"","ocean_shortcode_after_top_bar":"","ocean_shortcode_before_header":"","ocean_shortcode_after_header":"","ocean_has_shortcode":"","ocean_shortcode_after_title":"","ocean_shortcode_before_footer_widgets":"","ocean_shortcode_after_footer_widgets":"","ocean_shortcode_before_footer_bottom":"","ocean_shortcode_after_footer_bottom":"","ocean_display_top_bar":"default","ocean_display_header":"default","ocean_header_style":"","ocean_center_header_left_menu":"0","ocean_custom_header_template":"0","ocean_custom_logo":0,"ocean_custom_retina_logo":0,"ocean_custom_logo_max_width":0,"ocean_custom_logo_tablet_max_width":0,"ocean_custom_logo_mobile_max_width":0,"ocean_custom_logo_max_height":0,"ocean_custom_logo_tablet_max_height":0,"ocean_custom_logo_mobile_max_height":0,"ocean_header_custom_menu":"0","ocean_menu_typo_font_family":"0","ocean_menu_typo_font_subset":"","ocean_menu_typo_font_size":0,"ocean_menu_typo_font_size_tablet":0,"ocean_menu_typo_font_size_mobile":0,"ocean_menu_typo_font_size_unit":"px","ocean_menu_typo_font_weight":"","ocean_menu_typo_font_weight_tablet":"","ocean_menu_typo_font_weight_mobile":"","ocean_menu_typo_transform":"","ocean_menu_typo_transform_tablet":"","ocean_menu_typo_transform_mobile":"","ocean_menu_typo_line_height":0,"ocean_menu_typo_line_height_tablet":0,"ocean_menu_typo_line_height_mobile":0,"ocean_menu_typo_line_height_unit":"","ocean_menu_typo_spacing":0,"ocean_menu_typo_spacing_tablet":0,"ocean_menu_typo_spacing_mobile":0,"ocean_menu_typo_spacing_unit":"","ocean_menu_link_color":"","ocean_menu_link_color_hover":"","ocean_menu_link_color_active":"","ocean_menu_link_background":"","ocean_menu_link_hover_background":"","ocean_menu_link_active_background":"","ocean_menu_social_links_bg":"","ocean_menu_social_hover_links_bg":"","ocean_menu_social_links_color":"","ocean_menu_social_hover_links_color":"","ocean_disable_title":"default","ocean_disable_heading":"default","ocean_post_title":"","ocean_post_subheading":"","ocean_post_title_style":"","ocean_post_title_background_color":"","ocean_post_title_background":0,"ocean_post_title_bg_image_position":"","ocean_post_title_bg_image_attachment":"","ocean_post_title_bg_image_repeat":"","ocean_post_title_bg_image_size":"","ocean_post_title_height":0,"ocean_post_title_bg_overlay":0.5,"ocean_post_title_bg_overlay_color":"","ocean_disable_breadcrumbs":"default","ocean_breadcrumbs_color":"","ocean_breadcrumbs_separator_color":"","ocean_breadcrumbs_links_color":"","ocean_breadcrumbs_links_hover_color":"","ocean_display_footer_widgets":"default","ocean_display_footer_bottom":"default","ocean_custom_footer_template":"0"},"product_cat":[71,20,56],"product_tag":[33],"_links":{"self":[{"href":"https:\/\/www.lab.org.pl\/en\/wp-json\/wp\/v2\/product\/1062"}],"collection":[{"href":"https:\/\/www.lab.org.pl\/en\/wp-json\/wp\/v2\/product"}],"about":[{"href":"https:\/\/www.lab.org.pl\/en\/wp-json\/wp\/v2\/types\/product"}],"replies":[{"embeddable":true,"href":"https:\/\/www.lab.org.pl\/en\/wp-json\/wp\/v2\/comments?post=1062"}],"wp:featuredmedia":[{"embeddable":true,"href":"https:\/\/www.lab.org.pl\/en\/wp-json\/wp\/v2\/media\/1063"}],"wp:attachment":[{"href":"https:\/\/www.lab.org.pl\/en\/wp-json\/wp\/v2\/media?parent=1062"}],"wp:term":[{"taxonomy":"product_cat","embeddable":true,"href":"https:\/\/www.lab.org.pl\/en\/wp-json\/wp\/v2\/product_cat?post=1062"},{"taxonomy":"product_tag","embeddable":true,"href":"https:\/\/www.lab.org.pl\/en\/wp-json\/wp\/v2\/product_tag?post=1062"}],"curies":[{"name":"wp","href":"https:\/\/api.w.org\/{rel}","templated":true}]}}