{"id":332,"date":"2020-12-10T21:19:20","date_gmt":"2020-12-10T20:19:20","guid":{"rendered":"https:\/\/www.lab.org.pl\/?page_id=332"},"modified":"2024-11-06T18:58:18","modified_gmt":"2024-11-06T17:58:18","slug":"historia-laboratorium-organicznego-lab","status":"publish","type":"page","link":"https:\/\/www.lab.org.pl\/en\/historia-laboratorium-organicznego-lab\/","title":{"rendered":"History of the Laboratorium Organiczne LAB"},"content":{"rendered":"<h2 class=\"wp-block-heading has-medium-font-size\">The beginnings of the company<\/h2>\n\n\n\n<div class=\"wp-block-group\"><div class=\"wp-block-group__inner-container is-layout-flow wp-block-group-is-layout-flow\">\n<p class=\"has-normal-font-size\">Laboratorium Organiczne LAB has been in existence since 1985, when we were one of the first in Poland to start producing the instant bonding adhesive Cyanopan. At the time, this adhesive was a technological breakthrough in ways to bond many materials quickly and securely and remains a strong selling point today.<\/p>\n<\/div><\/div>\n\n\n<div class=\"wp-block-image is-style-default\">\n<figure class=\"alignleft size-large is-resized\"><img decoding=\"async\" src=\"https:\/\/www.lab.org.pl\/wp-content\/uploads\/2020\/12\/pies75-obroza-szara-1-1024x675.jpg\" alt=\"\" class=\"wp-image-84\" style=\"width:640px\"\/><\/figure><\/div>\n\n\n<div style=\"height:20px\" aria-hidden=\"true\" class=\"wp-block-spacer\"><\/div>\n\n\n\n<h2 class=\"wp-block-heading has-medium-font-size\">Further development<\/h2>\n\n\n\n<p class=\"has-normal-font-size\">With the growth of the company, we have launched the production of insecticide aerosols. Produced all the time and continuously improved, the aerosols with the \u2018LAB\u2019 mark are a proven and effective way of eliminating and repelling those insects whose presence in our surroundings is undesirable. Another product group that is gaining increasing importance in our production plans is the Pche\u0142ka series. Under this logo, we present various types of articles from the pet industry, intended especially for dogs and cats.<\/p>\n\n\n\n<hr class=\"wp-block-separator has-css-opacity is-style-default\"\/>\n\n\n\n<p class=\"has-normal-font-size\"><strong>Customers who want their pets to be healthy, well-groomed but also fashionably dressed will find a large selection of pet preparations, as well as elegant and practical dog clothes.<\/strong><\/p>","protected":false},"excerpt":{"rendered":"<p>Pocz\u0105tki firmy Laboratorium Organiczne LAB istnieje od 1985 roku, kiedy to jako jedni z pierwszych w Polsce rozpocz\u0119li\u015bmy produkcj\u0119 b\u0142yskawicznie \u0142\u0105cz\u0105cego kleju Cyjanopan. Klej ten na owe czasy stanowi\u0142 prze\u0142om technologiczny w dziedzinie sposob\u00f3w na szybkie i pewne \u0142\u0105czenie wielu materia\u0142\u00f3w i do dzisiaj pozostaje mocnym punktem sprzeda\u017cy. Dalszy rozw\u00f3j Wraz z rozwojem firmy uruchomili\u015bmy [&hellip;]<\/p>","protected":false},"author":1,"featured_media":0,"parent":0,"menu_order":0,"comment_status":"closed","ping_status":"closed","template":"","meta":{"_seopress_robots_primary_cat":"","_seopress_titles_title":"","_seopress_titles_desc":"","_seopress_robots_index":"","ocean_post_layout":"full-width","ocean_both_sidebars_style":"","ocean_both_sidebars_content_width":0,"ocean_both_sidebars_sidebars_width":0,"ocean_sidebar":"0","ocean_second_sidebar":"0","ocean_disable_margins":"enable","ocean_add_body_class":"","ocean_shortcode_before_top_bar":"","ocean_shortcode_after_top_bar":"","ocean_shortcode_before_header":"","ocean_shortcode_after_header":"","ocean_has_shortcode":"","ocean_shortcode_after_title":"","ocean_shortcode_before_footer_widgets":"","ocean_shortcode_after_footer_widgets":"","ocean_shortcode_before_footer_bottom":"","ocean_shortcode_after_footer_bottom":"","ocean_display_top_bar":"default","ocean_display_header":"default","ocean_header_style":"","ocean_center_header_left_menu":"0","ocean_custom_header_template":"0","ocean_custom_logo":0,"ocean_custom_retina_logo":0,"ocean_custom_logo_max_width":0,"ocean_custom_logo_tablet_max_width":0,"ocean_custom_logo_mobile_max_width":0,"ocean_custom_logo_max_height":0,"ocean_custom_logo_tablet_max_height":0,"ocean_custom_logo_mobile_max_height":0,"ocean_header_custom_menu":"0","ocean_menu_typo_font_family":"0","ocean_menu_typo_font_subset":"","ocean_menu_typo_font_size":0,"ocean_menu_typo_font_size_tablet":0,"ocean_menu_typo_font_size_mobile":0,"ocean_menu_typo_font_size_unit":"px","ocean_menu_typo_font_weight":"","ocean_menu_typo_font_weight_tablet":"","ocean_menu_typo_font_weight_mobile":"","ocean_menu_typo_transform":"","ocean_menu_typo_transform_tablet":"","ocean_menu_typo_transform_mobile":"","ocean_menu_typo_line_height":0,"ocean_menu_typo_line_height_tablet":0,"ocean_menu_typo_line_height_mobile":0,"ocean_menu_typo_line_height_unit":"","ocean_menu_typo_spacing":0,"ocean_menu_typo_spacing_tablet":0,"ocean_menu_typo_spacing_mobile":0,"ocean_menu_typo_spacing_unit":"","ocean_menu_link_color":"","ocean_menu_link_color_hover":"","ocean_menu_link_color_active":"","ocean_menu_link_background":"","ocean_menu_link_hover_background":"","ocean_menu_link_active_background":"","ocean_menu_social_links_bg":"","ocean_menu_social_hover_links_bg":"","ocean_menu_social_links_color":"","ocean_menu_social_hover_links_color":"","ocean_disable_title":"default","ocean_disable_heading":"default","ocean_post_title":"","ocean_post_subheading":"","ocean_post_title_style":"","ocean_post_title_background_color":"","ocean_post_title_background":0,"ocean_post_title_bg_image_position":"","ocean_post_title_bg_image_attachment":"","ocean_post_title_bg_image_repeat":"","ocean_post_title_bg_image_size":"","ocean_post_title_height":0,"ocean_post_title_bg_overlay":0.5,"ocean_post_title_bg_overlay_color":"","ocean_disable_breadcrumbs":"default","ocean_breadcrumbs_color":"","ocean_breadcrumbs_separator_color":"","ocean_breadcrumbs_links_color":"","ocean_breadcrumbs_links_hover_color":"","ocean_display_footer_widgets":"default","ocean_display_footer_bottom":"default","ocean_custom_footer_template":"0","footnotes":""},"_links":{"self":[{"href":"https:\/\/www.lab.org.pl\/en\/wp-json\/wp\/v2\/pages\/332"}],"collection":[{"href":"https:\/\/www.lab.org.pl\/en\/wp-json\/wp\/v2\/pages"}],"about":[{"href":"https:\/\/www.lab.org.pl\/en\/wp-json\/wp\/v2\/types\/page"}],"author":[{"embeddable":true,"href":"https:\/\/www.lab.org.pl\/en\/wp-json\/wp\/v2\/users\/1"}],"replies":[{"embeddable":true,"href":"https:\/\/www.lab.org.pl\/en\/wp-json\/wp\/v2\/comments?post=332"}],"version-history":[{"count":2,"href":"https:\/\/www.lab.org.pl\/en\/wp-json\/wp\/v2\/pages\/332\/revisions"}],"predecessor-version":[{"id":1603,"href":"https:\/\/www.lab.org.pl\/en\/wp-json\/wp\/v2\/pages\/332\/revisions\/1603"}],"wp:attachment":[{"href":"https:\/\/www.lab.org.pl\/en\/wp-json\/wp\/v2\/media?parent=332"}],"curies":[{"name":"wp","href":"https:\/\/api.w.org\/{rel}","templated":true}]}}